{"id":5668,"date":"2024-03-15T15:04:46","date_gmt":"2024-03-15T18:04:46","guid":{"rendered":"https:\/\/hoteljoli.com.br\/novo\/?page_id=5668"},"modified":"2024-05-15T08:34:42","modified_gmt":"2024-05-15T11:34:42","slug":"apart","status":"publish","type":"page","link":"https:\/\/hoteljoli.com.br\/novo\/apart\/","title":{"rendered":"Apartamentos"},"content":{"rendered":"\t\t<div data-elementor-type=\"wp-page\" data-elementor-id=\"5668\" class=\"elementor elementor-5668\">\n\t\t\t\t<div class=\"elementor-element elementor-element-badc950 e-con-full e-flex e-con e-parent\" data-id=\"badc950\" data-element_type=\"container\" data-e-type=\"container\" data-settings=\"{&quot;background_background&quot;:&quot;classic&quot;}\">\n\t\t\t\t<\/div>\n\t\t<div class=\"elementor-element elementor-element-5effb2f e-flex e-con-boxed e-con e-parent\" data-id=\"5effb2f\" data-element_type=\"container\" data-e-type=\"container\">\n\t\t\t\t\t<div class=\"e-con-inner\">\n\t\t\t\t<div class=\"elementor-element elementor-element-14382aa elementor-widget elementor-widget-heading\" data-id=\"14382aa\" data-element_type=\"widget\" data-e-type=\"widget\" data-widget_type=\"heading.default\">\n\t\t\t\t<div class=\"elementor-widget-container\">\n\t\t\t\t\t<h1 class=\"elementor-heading-title elementor-size-default\">Conforto a sua espera!<\/h1>\t\t\t\t<\/div>\n\t\t\t\t<\/div>\n\t\t\t\t<div class=\"elementor-element elementor-element-4f07be6 elementor-widget elementor-widget-text-editor\" data-id=\"4f07be6\" data-element_type=\"widget\" data-e-type=\"widget\" data-widget_type=\"text-editor.default\">\n\t\t\t\t<div class=\"elementor-widget-container\">\n\t\t\t\t\t\t\t\t\t<p>\u00a0Oferecemos tr\u00eas op\u00e7\u00f5es de apartamentos para que sua estada seja confort\u00e1vel. Explore nossos apartamentos e escolha aquele que melhor atende \u00e0s suas necessidades:<\/p>\t\t\t\t\t\t\t\t<\/div>\n\t\t\t\t<\/div>\n\t\t\t\t\t<\/div>\n\t\t\t\t<\/div>\n\t\t<div class=\"elementor-element elementor-element-1d82819 e-flex e-con-boxed e-con e-parent\" data-id=\"1d82819\" data-element_type=\"container\" data-e-type=\"container\">\n\t\t\t\t\t<div class=\"e-con-inner\">\n\t\t<a class=\"eael-wrapper-link-48b74f2 --eael-wrapper-link-tag\" href=\"https:\/\/hoteljoli.com.br\/novo\/double\/\"><\/a><div data-eael-wrapper-link=\"eael-wrapper-link-48b74f2\" class=\"elementor-element elementor-element-48b74f2 e-con-full e-flex e-con e-child\" data-id=\"48b74f2\" data-element_type=\"container\" data-e-type=\"container\" data-settings=\"{&quot;background_background&quot;:&quot;classic&quot;}\">\n\t\t\t\t<div class=\"elementor-element elementor-element-30f860c elementor-widget elementor-widget-heading\" data-id=\"30f860c\" data-element_type=\"widget\" data-e-type=\"widget\" data-widget_type=\"heading.default\">\n\t\t\t\t<div class=\"elementor-widget-container\">\n\t\t\t\t\t<h2 class=\"elementor-heading-title elementor-size-default\"><a href=\"https:\/\/hoteljoli.com.br\/novo\/double\/\">Apartamentos Double<\/a><\/h2>\t\t\t\t<\/div>\n\t\t\t\t<\/div>\n\t\t\t\t<\/div>\n\t\t<a class=\"eael-wrapper-link-114d82d --eael-wrapper-link-tag\" href=\"https:\/\/hoteljoli.com.br\/novo\/twin\/\"><\/a><div data-eael-wrapper-link=\"eael-wrapper-link-114d82d\" class=\"elementor-element elementor-element-114d82d e-con-full e-flex e-con e-child\" data-id=\"114d82d\" data-element_type=\"container\" data-e-type=\"container\" data-settings=\"{&quot;background_background&quot;:&quot;classic&quot;}\">\n\t\t\t\t<div class=\"elementor-element elementor-element-783ca6b elementor-widget elementor-widget-heading\" data-id=\"783ca6b\" data-element_type=\"widget\" data-e-type=\"widget\" data-widget_type=\"heading.default\">\n\t\t\t\t<div class=\"elementor-widget-container\">\n\t\t\t\t\t<h2 class=\"elementor-heading-title elementor-size-default\"><a href=\"https:\/\/hoteljoli.com.br\/novo\/twin\/\">Apartamentos Twin<\/a><\/h2>\t\t\t\t<\/div>\n\t\t\t\t<\/div>\n\t\t\t\t<\/div>\n\t\t<a class=\"eael-wrapper-link-2518309 --eael-wrapper-link-tag\" href=\"https:\/\/hoteljoli.com.br\/novo\/triplo\/\"><\/a><div data-eael-wrapper-link=\"eael-wrapper-link-2518309\" class=\"elementor-element elementor-element-2518309 e-con-full e-flex e-con e-child\" data-id=\"2518309\" data-element_type=\"container\" data-e-type=\"container\" data-settings=\"{&quot;background_background&quot;:&quot;classic&quot;}\">\n\t\t\t\t<div class=\"elementor-element elementor-element-022166b elementor-widget elementor-widget-heading\" data-id=\"022166b\" data-element_type=\"widget\" data-e-type=\"widget\" data-widget_type=\"heading.default\">\n\t\t\t\t<div class=\"elementor-widget-container\">\n\t\t\t\t\t<h2 class=\"elementor-heading-title elementor-size-default\"><a href=\"https:\/\/hoteljoli.com.br\/novo\/triplo\/\">Apartamentos Triplo<\/a><\/h2>\t\t\t\t<\/div>\n\t\t\t\t<\/div>\n\t\t\t\t<\/div>\n\t\t\t\t\t<\/div>\n\t\t\t\t<\/div>\n\t\t<div class=\"elementor-element elementor-element-26200c0 e-flex e-con-boxed e-con e-parent\" data-id=\"26200c0\" data-element_type=\"container\" data-e-type=\"container\">\n\t\t\t\t\t<div class=\"e-con-inner\">\n\t\t\t\t<div class=\"elementor-element elementor-element-b0f0012 elementor-widget elementor-widget-spacer\" data-id=\"b0f0012\" data-element_type=\"widget\" data-e-type=\"widget\" data-widget_type=\"spacer.default\">\n\t\t\t\t<div class=\"elementor-widget-container\">\n\t\t\t\t\t\t\t<div class=\"elementor-spacer\">\n\t\t\t<div class=\"elementor-spacer-inner\"><\/div>\n\t\t<\/div>\n\t\t\t\t\t\t<\/div>\n\t\t\t\t<\/div>\n\t\t\t\t\t<\/div>\n\t\t\t\t<\/div>\n\t\t<div class=\"elementor-element elementor-element-8690111 e-flex e-con-boxed e-con e-parent\" data-id=\"8690111\" data-element_type=\"container\" data-e-type=\"container\">\n\t\t\t\t\t<div class=\"e-con-inner\">\n\t\t\t\t<div class=\"elementor-element elementor-element-520040c elementor-fixed elementor-view-framed elementor-shape-circle elementor-invisible elementor-widget elementor-widget-icon\" data-id=\"520040c\" data-element_type=\"widget\" data-e-type=\"widget\" data-settings=\"{&quot;_position&quot;:&quot;fixed&quot;,&quot;_animation&quot;:&quot;zoomInDown&quot;}\" data-widget_type=\"icon.default\">\n\t\t\t\t<div class=\"elementor-widget-container\">\n\t\t\t\t\t\t\t<div class=\"elementor-icon-wrapper\">\n\t\t\t<a class=\"elementor-icon elementor-animation-pulse\" href=\"https:\/\/wa.me\/13997493679\/?\">\n\t\t\t<i aria-hidden=\"true\" class=\"xlio ion-logo-whatsapp\"><\/i>\t\t\t<\/a>\n\t\t<\/div>\n\t\t\t\t\t\t<\/div>\n\t\t\t\t<\/div>\n\t\t\t\t\t<\/div>\n\t\t\t\t<\/div>\n\t\t\t\t<\/div>\n\t\t","protected":false},"excerpt":{"rendered":"<p>Conforto a sua espera! \u00a0Oferecemos tr\u00eas op\u00e7\u00f5es de apartamentos para que sua estada seja confort\u00e1vel. Explore nossos apartamentos e escolha aquele que melhor atende \u00e0s suas necessidades: Apartamentos Double Apartamentos Twin Apartamentos Triplo<\/p>\n","protected":false},"author":1,"featured_media":0,"parent":0,"menu_order":3,"comment_status":"closed","ping_status":"closed","template":"","meta":{"site-sidebar-layout":"no-sidebar","site-content-layout":"page-builder","ast-site-content-layout":"default","site-content-style":"default","site-sidebar-style":"default","ast-global-header-display":"","ast-banner-title-visibility":"","ast-main-header-display":"","ast-hfb-above-header-display":"","ast-hfb-below-header-display":"","ast-hfb-mobile-header-display":"","site-post-title":"disabled","ast-breadcrumbs-content":"","ast-featured-img":"","footer-sml-layout":"","theme-transparent-header-meta":"enabled","adv-header-id-meta":"","stick-header-meta":"","header-above-stick-meta":"","header-main-stick-meta":"","header-below-stick-meta":"","astra-migrate-meta-layouts":"default","ast-page-background-enabled":"default","ast-page-background-meta":{"desktop":{"background-color":"","background-image":"","background-repeat":"repeat","background-position":"center center","background-size":"auto","background-attachment":"scroll","background-type":"","background-media":"","overlay-type":"","overlay-color":"","overlay-opacity":"","overlay-gradient":""},"tablet":{"background-color":"","background-image":"","background-repeat":"repeat","background-position":"center center","background-size":"auto","background-attachment":"scroll","background-type":"","background-media":"","overlay-type":"","overlay-color":"","overlay-opacity":"","overlay-gradient":""},"mobile":{"background-color":"","background-image":"","background-repeat":"repeat","background-position":"center center","background-size":"auto","background-attachment":"scroll","background-type":"","background-media":"","overlay-type":"","overlay-color":"","overlay-opacity":"","overlay-gradient":""}},"ast-content-background-meta":{"desktop":{"background-color":"var(--ast-global-color-5)","background-image":"","background-repeat":"repeat","background-position":"center center","background-size":"auto","background-attachment":"scroll","background-type":"","background-media":"","overlay-type":"","overlay-color":"","overlay-opacity":"","overlay-gradient":""},"tablet":{"background-color":"var(--ast-global-color-5)","background-image":"","background-repeat":"repeat","background-position":"center center","background-size":"auto","background-attachment":"scroll","background-type":"","background-media":"","overlay-type":"","overlay-color":"","overlay-opacity":"","overlay-gradient":""},"mobile":{"background-color":"var(--ast-global-color-5)","background-image":"","background-repeat":"repeat","background-position":"center center","background-size":"auto","background-attachment":"scroll","background-type":"","background-media":"","overlay-type":"","overlay-color":"","overlay-opacity":"","overlay-gradient":""}},"footnotes":""},"class_list":["post-5668","page","type-page","status-publish","hentry"],"_links":{"self":[{"href":"https:\/\/hoteljoli.com.br\/novo\/wp-json\/wp\/v2\/pages\/5668","targetHints":{"allow":["GET"]}}],"collection":[{"href":"https:\/\/hoteljoli.com.br\/novo\/wp-json\/wp\/v2\/pages"}],"about":[{"href":"https:\/\/hoteljoli.com.br\/novo\/wp-json\/wp\/v2\/types\/page"}],"author":[{"embeddable":true,"href":"https:\/\/hoteljoli.com.br\/novo\/wp-json\/wp\/v2\/users\/1"}],"replies":[{"embeddable":true,"href":"https:\/\/hoteljoli.com.br\/novo\/wp-json\/wp\/v2\/comments?post=5668"}],"version-history":[{"count":13,"href":"https:\/\/hoteljoli.com.br\/novo\/wp-json\/wp\/v2\/pages\/5668\/revisions"}],"predecessor-version":[{"id":5798,"href":"https:\/\/hoteljoli.com.br\/novo\/wp-json\/wp\/v2\/pages\/5668\/revisions\/5798"}],"wp:attachment":[{"href":"https:\/\/hoteljoli.com.br\/novo\/wp-json\/wp\/v2\/media?parent=5668"}],"curies":[{"name":"wp","href":"https:\/\/api.w.org\/{rel}","templated":true}]}}