{"id":5787,"date":"2024-05-15T08:16:17","date_gmt":"2024-05-15T11:16:17","guid":{"rendered":"https:\/\/hoteljoli.com.br\/novo\/?page_id=5787"},"modified":"2025-01-08T14:28:39","modified_gmt":"2025-01-08T17:28:39","slug":"reservas","status":"publish","type":"page","link":"https:\/\/hoteljoli.com.br\/novo\/reservas\/","title":{"rendered":"Reservas"},"content":{"rendered":"\t\t<div data-elementor-type=\"wp-page\" data-elementor-id=\"5787\" class=\"elementor elementor-5787\">\n\t\t\t\t<div class=\"elementor-element elementor-element-badc950 e-con-full e-flex e-con e-parent\" data-id=\"badc950\" data-element_type=\"container\" data-e-type=\"container\" data-settings=\"{&quot;background_background&quot;:&quot;classic&quot;}\">\n\t\t\t\t<\/div>\n\t\t<div class=\"elementor-element elementor-element-d9cf03d e-flex e-con-boxed e-con e-parent\" data-id=\"d9cf03d\" data-element_type=\"container\" data-e-type=\"container\">\n\t\t\t\t\t<div class=\"e-con-inner\">\n\t\t\t\t<div class=\"elementor-element elementor-element-1b28adb elementor-widget elementor-widget-heading\" data-id=\"1b28adb\" data-element_type=\"widget\" data-e-type=\"widget\" data-widget_type=\"heading.default\">\n\t\t\t\t<div class=\"elementor-widget-container\">\n\t\t\t\t\t<h1 class=\"elementor-heading-title elementor-size-default\">Reserve sua Estada<\/h1>\t\t\t\t<\/div>\n\t\t\t\t<\/div>\n\t\t\t\t<div class=\"elementor-element elementor-element-ccbeb9e elementor-widget elementor-widget-text-editor\" data-id=\"ccbeb9e\" data-element_type=\"widget\" data-e-type=\"widget\" data-widget_type=\"text-editor.default\">\n\t\t\t\t<div class=\"elementor-widget-container\">\n\t\t\t\t\t\t\t\t\t<p>Assegure tranquilidade e conforto ao reservar sua estada conosco. Ap\u00f3s realizar a reserva, verifique seu e-mail para a confirma\u00e7\u00e3o, garantindo que cada detalhe esteja alinhado \u00e0s suas expectativas. Estamos comprometidos em tornar sua experi\u00eancia de reserva simples e eficiente, proporcionando a certeza de uma \u00f3tima estada. Aguardamos ansiosamente por sua chegada!<\/p>\t\t\t\t\t\t\t\t<\/div>\n\t\t\t\t<\/div>\n\t\t\t\t\t<\/div>\n\t\t\t\t<\/div>\n\t\t<div class=\"elementor-element elementor-element-65fe912 e-flex e-con-boxed e-con e-parent\" data-id=\"65fe912\" data-element_type=\"container\" data-e-type=\"container\">\n\t\t\t\t\t<div class=\"e-con-inner\">\n\t\t\t\t<div class=\"elementor-element elementor-element-2072d53 elementor-widget elementor-widget-html\" data-id=\"2072d53\" data-element_type=\"widget\" data-e-type=\"widget\" data-widget_type=\"html.default\">\n\t\t\t\t<div class=\"elementor-widget-container\">\n\t\t\t\t\t<div class=\"hbe-bws\"> <section id=\"hbe-bws-page\"><div id=\"hbe-bws-wrapper\"> <\/div><\/section><\/div>\n<link type=\"text\/css\" rel=\"stylesheet\" href=\"\/\/book.securebookings.net\/css\/app.css\" \/>\n<script type=\"text\/javascript\" src=\"\/\/book.securebookings.net\/js\/widget.all.js\"><\/script>\n<script>\njQuery(document).ready(function() { $widget(\"#hbe-bws-wrapper\").roomTypes({\nid: \"462d8b00-299d-1713976410-4295-9a61-f6fca4b10d78\",\ncurrency: \"BRL\",\nlang: \"br\",\nbackground: \"transparent\",\nfilter_bar_background:\"#C5C5C5\",\nfilter_bar_text:\"#000000\",\ndivider_background: \"#F8F8F8\",\ndivider_text: \"#000000\",\nelements: \"#B0B0B0\",\ncall_action: \"#FF0000\",\nfree_cancellation: \"#008000\",\nbodyBackgroundType: 0,\nbodyBackground: \"#ffffff\",\nbodyText: \"#000000\",\nbookNowBackground: \"#4792D7\",\nbookNowColor: \"#FFFFFF\",\nshowPromoCode: 1,\npromoCode: \"\",\ndaysOut: 0,\nroomOrder: 0,\nnightsSelected: 1,\nroomBoxBackground: \"#F8F8F8\",\nroomBoxBorder: \"transparent\",\ncheckindate: \"xx\/xx\/xxxx\",\npromoteSpecial: 1,\nhideRoom: '[]',\nmaxRatePlanDisplay: 0,\nshowPlanRequest: 0,\nshowFilter: 0,\nshowRestrictedRooms: 0,\nbestRateType: 0,\nisBestRate: 0,\nembedded: 1,\nshowLanguageEmbed:0,\nwidgetType:\"Widget\",\nurlS3Json:\"new-hls\" });});\n<\/script>\t\t\t\t<\/div>\n\t\t\t\t<\/div>\n\t\t\t\t\t<\/div>\n\t\t\t\t<\/div>\n\t\t<div class=\"elementor-element elementor-element-a3375e3 e-flex e-con-boxed e-con e-parent\" data-id=\"a3375e3\" data-element_type=\"container\" data-e-type=\"container\">\n\t\t\t\t\t<div class=\"e-con-inner\">\n\t\t\t\t<div class=\"elementor-element elementor-element-56b2f49 elementor-widget elementor-widget-image\" data-id=\"56b2f49\" data-element_type=\"widget\" data-e-type=\"widget\" data-widget_type=\"image.default\">\n\t\t\t\t<div class=\"elementor-widget-container\">\n\t\t\t\t\t\t\t\t\t\t\t\t\t\t\t<img decoding=\"async\" width=\"400\" height=\"1\" src=\"http:\/\/hoteljoli.com.br\/novo\/wp-content\/uploads\/2024\/03\/linha.png\" class=\"attachment-large size-large wp-image-3667\" alt=\"\" srcset=\"http:\/\/hoteljoli.com.br\/novo\/wp-content\/uploads\/2024\/03\/linha.png 400w, http:\/\/hoteljoli.com.br\/novo\/wp-content\/uploads\/2024\/03\/linha-300x1.png 300w, http:\/\/hoteljoli.com.br\/novo\/wp-content\/uploads\/2024\/03\/linha-150x1.png 150w\" sizes=\"(max-width: 400px) 100vw, 400px\" \/>\t\t\t\t\t\t\t\t\t\t\t\t\t\t\t<\/div>\n\t\t\t\t<\/div>\n\t\t<div class=\"elementor-element elementor-element-0e07df8 e-con-full e-flex e-con e-child\" data-id=\"0e07df8\" data-element_type=\"container\" data-e-type=\"container\" data-settings=\"{&quot;background_background&quot;:&quot;classic&quot;}\">\n\t\t<div class=\"elementor-element elementor-element-e2ba0cb e-con-full e-flex e-con e-child\" data-id=\"e2ba0cb\" data-element_type=\"container\" data-e-type=\"container\">\n\t\t\t\t<div class=\"elementor-element elementor-element-7ed336a elementor-widget elementor-widget-heading\" data-id=\"7ed336a\" data-element_type=\"widget\" data-e-type=\"widget\" data-widget_type=\"heading.default\">\n\t\t\t\t<div class=\"elementor-widget-container\">\n\t\t\t\t\t<h2 class=\"elementor-heading-title elementor-size-default\">Pol\u00edticas de Reservas<\/h2>\t\t\t\t<\/div>\n\t\t\t\t<\/div>\n\t\t\t\t<div class=\"elementor-element elementor-element-5848666 elementor-widget elementor-widget-toggle\" data-id=\"5848666\" data-element_type=\"widget\" data-e-type=\"widget\" data-widget_type=\"toggle.default\">\n\t\t\t\t<div class=\"elementor-widget-container\">\n\t\t\t\t\t\t\t<div class=\"elementor-toggle\">\n\t\t\t\t\t\t\t<div class=\"elementor-toggle-item\">\n\t\t\t\t\t<div id=\"elementor-tab-title-9251\" class=\"elementor-tab-title\" data-tab=\"1\" role=\"button\" aria-controls=\"elementor-tab-content-9251\" aria-expanded=\"false\">\n\t\t\t\t\t\t\t\t\t\t\t\t<span class=\"elementor-toggle-icon elementor-toggle-icon-left\" aria-hidden=\"true\">\n\t\t\t\t\t\t\t\t\t\t\t\t\t\t\t<span class=\"elementor-toggle-icon-closed\"><svg class=\"e-font-icon-svg e-fas-caret-right\" viewBox=\"0 0 192 512\" xmlns=\"http:\/\/www.w3.org\/2000\/svg\"><path d=\"M0 384.662V127.338c0-17.818 21.543-26.741 34.142-14.142l128.662 128.662c7.81 7.81 7.81 20.474 0 28.284L34.142 398.804C21.543 411.404 0 402.48 0 384.662z\"><\/path><\/svg><\/span>\n\t\t\t\t\t\t\t\t<span class=\"elementor-toggle-icon-opened\"><svg class=\"elementor-toggle-icon-opened e-font-icon-svg e-fas-caret-up\" viewBox=\"0 0 320 512\" xmlns=\"http:\/\/www.w3.org\/2000\/svg\"><path d=\"M288.662 352H31.338c-17.818 0-26.741-21.543-14.142-34.142l128.662-128.662c7.81-7.81 20.474-7.81 28.284 0l128.662 128.662c12.6 12.599 3.676 34.142-14.142 34.142z\"><\/path><\/svg><\/span>\n\t\t\t\t\t\t\t\t\t\t\t\t\t<\/span>\n\t\t\t\t\t\t\t\t\t\t\t\t<a class=\"elementor-toggle-title\" tabindex=\"0\">Reservas e Pagamentos<\/a>\n\t\t\t\t\t<\/div>\n\n\t\t\t\t\t<div id=\"elementor-tab-content-9251\" class=\"elementor-tab-content elementor-clearfix\" data-tab=\"1\" role=\"region\" aria-labelledby=\"elementor-tab-title-9251\"><p><span style=\"font-weight: 400;\">Para assegurar a reserva, \u00e9 necess\u00e1rio realizar o pagamento antecipado de 50% do valor total da mesma; caso contr\u00e1rio, a reserva permanecer\u00e1 garantida apenas at\u00e9 \u00e0s 19 horas do dia reservado.<\/span><\/p><p><span style=\"font-weight: 400;\">O pagamento restante dever\u00e1 ser realizado no momento do Check-in.<\/span><\/p><\/div>\n\t\t\t\t<\/div>\n\t\t\t\t\t\t\t<div class=\"elementor-toggle-item\">\n\t\t\t\t\t<div id=\"elementor-tab-title-9252\" class=\"elementor-tab-title\" data-tab=\"2\" role=\"button\" aria-controls=\"elementor-tab-content-9252\" aria-expanded=\"false\">\n\t\t\t\t\t\t\t\t\t\t\t\t<span class=\"elementor-toggle-icon elementor-toggle-icon-left\" aria-hidden=\"true\">\n\t\t\t\t\t\t\t\t\t\t\t\t\t\t\t<span class=\"elementor-toggle-icon-closed\"><svg class=\"e-font-icon-svg e-fas-caret-right\" viewBox=\"0 0 192 512\" xmlns=\"http:\/\/www.w3.org\/2000\/svg\"><path d=\"M0 384.662V127.338c0-17.818 21.543-26.741 34.142-14.142l128.662 128.662c7.81 7.81 7.81 20.474 0 28.284L34.142 398.804C21.543 411.404 0 402.48 0 384.662z\"><\/path><\/svg><\/span>\n\t\t\t\t\t\t\t\t<span class=\"elementor-toggle-icon-opened\"><svg class=\"elementor-toggle-icon-opened e-font-icon-svg e-fas-caret-up\" viewBox=\"0 0 320 512\" xmlns=\"http:\/\/www.w3.org\/2000\/svg\"><path d=\"M288.662 352H31.338c-17.818 0-26.741-21.543-14.142-34.142l128.662-128.662c7.81-7.81 20.474-7.81 28.284 0l128.662 128.662c12.6 12.599 3.676 34.142-14.142 34.142z\"><\/path><\/svg><\/span>\n\t\t\t\t\t\t\t\t\t\t\t\t\t<\/span>\n\t\t\t\t\t\t\t\t\t\t\t\t<a class=\"elementor-toggle-title\" tabindex=\"0\">Pol\u00edticas de Cancelamento<\/a>\n\t\t\t\t\t<\/div>\n\n\t\t\t\t\t<div id=\"elementor-tab-content-9252\" class=\"elementor-tab-content elementor-clearfix\" data-tab=\"2\" role=\"region\" aria-labelledby=\"elementor-tab-title-9252\"><p><span style=\"font-weight: 400;\">Voc\u00ea pode efetuar o cancelamento gratuitamente at\u00e9 7 dias antes da chegada, mediante solicita\u00e7\u00e3o por escrito (via e-mail ou Whatsapp).\u00a0<\/span><\/p><p><span style=\"font-weight: 400;\">No caso do pedido de cancelamento ocorrer em prazo inferior a 7 (sete) dias e at\u00e9 o limite m\u00e1ximo de 03 (tr\u00eas) dias de anteced\u00eancia, haver\u00e1 o reembolso de 50% (cinquenta por cento) do valor total da reserva. N\u00e3o havendo cancelamento em at\u00e9 3 (tr\u00eas) dias de anteced\u00eancia da estadia, os valores eventualmente pagos n\u00e3o ser\u00e3o reembols\u00e1veis.<\/span><\/p><p><span style=\"font-weight: 400;\">Em caso de n\u00e3o comparecimento, haver\u00e1 a cobran\u00e7a de uma taxa igual \u00e0 taxa de cancelamento.<\/span><\/p><\/div>\n\t\t\t\t<\/div>\n\t\t\t\t\t\t\t<div class=\"elementor-toggle-item\">\n\t\t\t\t\t<div id=\"elementor-tab-title-9253\" class=\"elementor-tab-title\" data-tab=\"3\" role=\"button\" aria-controls=\"elementor-tab-content-9253\" aria-expanded=\"false\">\n\t\t\t\t\t\t\t\t\t\t\t\t<span class=\"elementor-toggle-icon elementor-toggle-icon-left\" aria-hidden=\"true\">\n\t\t\t\t\t\t\t\t\t\t\t\t\t\t\t<span class=\"elementor-toggle-icon-closed\"><svg class=\"e-font-icon-svg e-fas-caret-right\" viewBox=\"0 0 192 512\" xmlns=\"http:\/\/www.w3.org\/2000\/svg\"><path d=\"M0 384.662V127.338c0-17.818 21.543-26.741 34.142-14.142l128.662 128.662c7.81 7.81 7.81 20.474 0 28.284L34.142 398.804C21.543 411.404 0 402.48 0 384.662z\"><\/path><\/svg><\/span>\n\t\t\t\t\t\t\t\t<span class=\"elementor-toggle-icon-opened\"><svg class=\"elementor-toggle-icon-opened e-font-icon-svg e-fas-caret-up\" viewBox=\"0 0 320 512\" xmlns=\"http:\/\/www.w3.org\/2000\/svg\"><path d=\"M288.662 352H31.338c-17.818 0-26.741-21.543-14.142-34.142l128.662-128.662c7.81-7.81 20.474-7.81 28.284 0l128.662 128.662c12.6 12.599 3.676 34.142-14.142 34.142z\"><\/path><\/svg><\/span>\n\t\t\t\t\t\t\t\t\t\t\t\t\t<\/span>\n\t\t\t\t\t\t\t\t\t\t\t\t<a class=\"elementor-toggle-title\" tabindex=\"0\">Altera\u00e7\u00e3o de reservas<\/a>\n\t\t\t\t\t<\/div>\n\n\t\t\t\t\t<div id=\"elementor-tab-content-9253\" class=\"elementor-tab-content elementor-clearfix\" data-tab=\"3\" role=\"region\" aria-labelledby=\"elementor-tab-title-9253\"><p><span style=\"font-weight: 400;\">Para altera\u00e7\u00e3o da data estabelecida para a hospedagem na sua reserva, a solicita\u00e7\u00e3o dever\u00e1 ser enviada, por escrito (via e-mail) com anteced\u00eancia m\u00ednima de 07 (sete) dias, observando-se e de acordo com a disponibilidade dos apartamentos, para a data solicitada.<\/span><\/p><p><span style=\"font-weight: 400;\">Caso a reserva da(s) di\u00e1ria(s) seja(m) feita(s) dentro do per\u00edodo dos 07 (sete) dias que antecedem a data estabelecida do check-in (entrada), essa reserva n\u00e3o poder\u00e1 ser alterada ou cancelada.<\/span><\/p><p><span style=\"font-weight: 400;\">Se durante a hospedagem houver desist\u00eancia da estadia por motivo de for\u00e7a maior devidamente comprovada, ser\u00e3o estornados os valores referentes \u00e0s di\u00e1rias restantes.<\/span><\/p><p><span style=\"font-weight: 400;\">N\u00e3o havendo comprova\u00e7\u00e3o, os valores n\u00e3o ser\u00e3o estornados.<\/span><\/p><\/div>\n\t\t\t\t<\/div>\n\t\t\t\t\t\t\t<div class=\"elementor-toggle-item\">\n\t\t\t\t\t<div id=\"elementor-tab-title-9254\" class=\"elementor-tab-title\" data-tab=\"4\" role=\"button\" aria-controls=\"elementor-tab-content-9254\" aria-expanded=\"false\">\n\t\t\t\t\t\t\t\t\t\t\t\t<span class=\"elementor-toggle-icon elementor-toggle-icon-left\" aria-hidden=\"true\">\n\t\t\t\t\t\t\t\t\t\t\t\t\t\t\t<span class=\"elementor-toggle-icon-closed\"><svg class=\"e-font-icon-svg e-fas-caret-right\" viewBox=\"0 0 192 512\" xmlns=\"http:\/\/www.w3.org\/2000\/svg\"><path d=\"M0 384.662V127.338c0-17.818 21.543-26.741 34.142-14.142l128.662 128.662c7.81 7.81 7.81 20.474 0 28.284L34.142 398.804C21.543 411.404 0 402.48 0 384.662z\"><\/path><\/svg><\/span>\n\t\t\t\t\t\t\t\t<span class=\"elementor-toggle-icon-opened\"><svg class=\"elementor-toggle-icon-opened e-font-icon-svg e-fas-caret-up\" viewBox=\"0 0 320 512\" xmlns=\"http:\/\/www.w3.org\/2000\/svg\"><path d=\"M288.662 352H31.338c-17.818 0-26.741-21.543-14.142-34.142l128.662-128.662c7.81-7.81 20.474-7.81 28.284 0l128.662 128.662c12.6 12.599 3.676 34.142-14.142 34.142z\"><\/path><\/svg><\/span>\n\t\t\t\t\t\t\t\t\t\t\t\t\t<\/span>\n\t\t\t\t\t\t\t\t\t\t\t\t<a class=\"elementor-toggle-title\" tabindex=\"0\">Normas de Hospedagem<\/a>\n\t\t\t\t\t<\/div>\n\n\t\t\t\t\t<div id=\"elementor-tab-content-9254\" class=\"elementor-tab-content elementor-clearfix\" data-tab=\"4\" role=\"region\" aria-labelledby=\"elementor-tab-title-9254\"><p><span style=\"font-weight: 400;\">Check-in (entrada) a partir das 15:00h; e check-out (sa\u00edda) at\u00e9 12:00h. Para prolongar a sua estadia, \u00e9 necess\u00e1rio informar-se com anteced\u00eancia, sobre a disponibilidade.<\/span><\/p><p><span style=\"font-weight: 400;\">Uma crian\u00e7a at\u00e9 5 (cinco) anos de idade n\u00e3o paga hospedagem (cortesia), desde que acomodada no mesmo apartamento dos pais.<\/span><\/p><p><span style=\"font-weight: 400;\">Para assegurar a seguran\u00e7a de nossos h\u00f3spedes, n\u00e3o s\u00e3o permitidos visitantes em nenhuma circunst\u00e2ncia.<\/span><\/p><p><span style=\"font-weight: 400;\">\u00a0Nosso hotel n\u00e3o aceita animais de estima\u00e7\u00e3o.<\/span><\/p><\/div>\n\t\t\t\t<\/div>\n\t\t\t\t\t\t\t<div class=\"elementor-toggle-item\">\n\t\t\t\t\t<div id=\"elementor-tab-title-9255\" class=\"elementor-tab-title\" data-tab=\"5\" role=\"button\" aria-controls=\"elementor-tab-content-9255\" aria-expanded=\"false\">\n\t\t\t\t\t\t\t\t\t\t\t\t<span class=\"elementor-toggle-icon elementor-toggle-icon-left\" aria-hidden=\"true\">\n\t\t\t\t\t\t\t\t\t\t\t\t\t\t\t<span class=\"elementor-toggle-icon-closed\"><svg class=\"e-font-icon-svg e-fas-caret-right\" viewBox=\"0 0 192 512\" xmlns=\"http:\/\/www.w3.org\/2000\/svg\"><path d=\"M0 384.662V127.338c0-17.818 21.543-26.741 34.142-14.142l128.662 128.662c7.81 7.81 7.81 20.474 0 28.284L34.142 398.804C21.543 411.404 0 402.48 0 384.662z\"><\/path><\/svg><\/span>\n\t\t\t\t\t\t\t\t<span class=\"elementor-toggle-icon-opened\"><svg class=\"elementor-toggle-icon-opened e-font-icon-svg e-fas-caret-up\" viewBox=\"0 0 320 512\" xmlns=\"http:\/\/www.w3.org\/2000\/svg\"><path d=\"M288.662 352H31.338c-17.818 0-26.741-21.543-14.142-34.142l128.662-128.662c7.81-7.81 20.474-7.81 28.284 0l128.662 128.662c12.6 12.599 3.676 34.142-14.142 34.142z\"><\/path><\/svg><\/span>\n\t\t\t\t\t\t\t\t\t\t\t\t\t<\/span>\n\t\t\t\t\t\t\t\t\t\t\t\t<a class=\"elementor-toggle-title\" tabindex=\"0\">C\u00f3digo de Direito do Consumidor<\/a>\n\t\t\t\t\t<\/div>\n\n\t\t\t\t\t<div id=\"elementor-tab-content-9255\" class=\"elementor-tab-content elementor-clearfix\" data-tab=\"5\" role=\"region\" aria-labelledby=\"elementor-tab-title-9255\"><p><span style=\"font-weight: 400;\">Todas as nossas a\u00e7\u00f5es, normas de conduta e relacionamentos\u00a0seguem as diretrizes do C\u00f3digo de Defesa do Consumidor.<\/span><\/p><p><span style=\"font-weight: 400;\">C\u00f3digo de Direito do Consumidor, Art. 49:\u00a0O consumidor pode desistir do contrato, no prazo de 7 dias a contar de sua assinatura ou do ato de recebimento do produto ou servi\u00e7o, sempre que a contrata\u00e7\u00e3o de fornecimento de produtos e servi\u00e7os ocorrer fora do estabelecimento comercial, especialmente por telefone ou a domic\u00edlio.<\/span><\/p><p><span style=\"font-weight: 400;\">Par\u00e1grafo \u00fanico. Se o consumidor exercitar o direito de arrependimento previsto neste artigo, os valores eventualmente pagos, a qualquer t\u00edtulo, durante o prazo de reflex\u00e3o, ser\u00e3o devolvidos, de imediato.<\/span><\/p><p><span style=\"font-weight: 400;\">Motivos de for\u00e7a maior\u00a0s\u00e3o entendidos como tudo que est\u00e1 alheio ao comportamento e vontade das partes, ocorrendo sem a sua interfer\u00eancia e que impe\u00e7a a perman\u00eancia do h\u00f3spede no hotel<\/span><\/p><\/div>\n\t\t\t\t<\/div>\n\t\t\t\t\t\t\t\t<\/div>\n\t\t\t\t\t\t<\/div>\n\t\t\t\t<\/div>\n\t\t\t\t<\/div>\n\t\t\t\t<\/div>\n\t\t\t\t\t<\/div>\n\t\t\t\t<\/div>\n\t\t\t\t<\/div>\n\t\t","protected":false},"excerpt":{"rendered":"<p>Reserve sua Estada Assegure tranquilidade e conforto ao reservar sua estada conosco. Ap\u00f3s realizar a reserva, verifique seu e-mail para a confirma\u00e7\u00e3o, garantindo que cada detalhe esteja alinhado \u00e0s suas expectativas. Estamos comprometidos em tornar sua experi\u00eancia de reserva simples e eficiente, proporcionando a certeza de uma \u00f3tima estada. Aguardamos ansiosamente por sua chegada! Pol\u00edticas [&hellip;]<\/p>\n","protected":false},"author":1,"featured_media":0,"parent":0,"menu_order":3,"comment_status":"closed","ping_status":"closed","template":"","meta":{"site-sidebar-layout":"no-sidebar","site-content-layout":"page-builder","ast-site-content-layout":"default","site-content-style":"default","site-sidebar-style":"default","ast-global-header-display":"","ast-banner-title-visibility":"","ast-main-header-display":"","ast-hfb-above-header-display":"","ast-hfb-below-header-display":"","ast-hfb-mobile-header-display":"","site-post-title":"disabled","ast-breadcrumbs-content":"","ast-featured-img":"","footer-sml-layout":"","theme-transparent-header-meta":"enabled","adv-header-id-meta":"","stick-header-meta":"","header-above-stick-meta":"","header-main-stick-meta":"","header-below-stick-meta":"","astra-migrate-meta-layouts":"default","ast-page-background-enabled":"default","ast-page-background-meta":{"desktop":{"background-color":"","background-image":"","background-repeat":"repeat","background-position":"center center","background-size":"auto","background-attachment":"scroll","background-type":"","background-media":"","overlay-type":"","overlay-color":"","overlay-opacity":"","overlay-gradient":""},"tablet":{"background-color":"","background-image":"","background-repeat":"repeat","background-position":"center center","background-size":"auto","background-attachment":"scroll","background-type":"","background-media":"","overlay-type":"","overlay-color":"","overlay-opacity":"","overlay-gradient":""},"mobile":{"background-color":"","background-image":"","background-repeat":"repeat","background-position":"center center","background-size":"auto","background-attachment":"scroll","background-type":"","background-media":"","overlay-type":"","overlay-color":"","overlay-opacity":"","overlay-gradient":""}},"ast-content-background-meta":{"desktop":{"background-color":"var(--ast-global-color-5)","background-image":"","background-repeat":"repeat","background-position":"center center","background-size":"auto","background-attachment":"scroll","background-type":"","background-media":"","overlay-type":"","overlay-color":"","overlay-opacity":"","overlay-gradient":""},"tablet":{"background-color":"var(--ast-global-color-5)","background-image":"","background-repeat":"repeat","background-position":"center center","background-size":"auto","background-attachment":"scroll","background-type":"","background-media":"","overlay-type":"","overlay-color":"","overlay-opacity":"","overlay-gradient":""},"mobile":{"background-color":"var(--ast-global-color-5)","background-image":"","background-repeat":"repeat","background-position":"center center","background-size":"auto","background-attachment":"scroll","background-type":"","background-media":"","overlay-type":"","overlay-color":"","overlay-opacity":"","overlay-gradient":""}},"footnotes":""},"class_list":["post-5787","page","type-page","status-publish","hentry"],"_links":{"self":[{"href":"https:\/\/hoteljoli.com.br\/novo\/wp-json\/wp\/v2\/pages\/5787","targetHints":{"allow":["GET"]}}],"collection":[{"href":"https:\/\/hoteljoli.com.br\/novo\/wp-json\/wp\/v2\/pages"}],"about":[{"href":"https:\/\/hoteljoli.com.br\/novo\/wp-json\/wp\/v2\/types\/page"}],"author":[{"embeddable":true,"href":"https:\/\/hoteljoli.com.br\/novo\/wp-json\/wp\/v2\/users\/1"}],"replies":[{"embeddable":true,"href":"https:\/\/hoteljoli.com.br\/novo\/wp-json\/wp\/v2\/comments?post=5787"}],"version-history":[{"count":10,"href":"https:\/\/hoteljoli.com.br\/novo\/wp-json\/wp\/v2\/pages\/5787\/revisions"}],"predecessor-version":[{"id":5851,"href":"https:\/\/hoteljoli.com.br\/novo\/wp-json\/wp\/v2\/pages\/5787\/revisions\/5851"}],"wp:attachment":[{"href":"https:\/\/hoteljoli.com.br\/novo\/wp-json\/wp\/v2\/media?parent=5787"}],"curies":[{"name":"wp","href":"https:\/\/api.w.org\/{rel}","templated":true}]}}